{"id":1317,"date":"2023-06-25T04:37:30","date_gmt":"2023-06-25T04:37:30","guid":{"rendered":"https:\/\/gayajoyas.com\/?page_id=1317"},"modified":"2025-12-09T23:24:41","modified_gmt":"2025-12-09T23:24:41","slug":"pulsera","status":"publish","type":"page","link":"http:\/\/gayajoyas.com\/es_es\/pulsera\/","title":{"rendered":"Pulseras"},"content":{"rendered":"\t\t<div data-elementor-type=\"wp-page\" data-elementor-id=\"1317\" class=\"elementor elementor-1317\">\n\t\t\t\t\t\t\t\t\t<section class=\"elementor-section elementor-top-section elementor-element elementor-element-4e1fd6c3 elementor-section-boxed elementor-section-height-default elementor-section-height-default\" data-id=\"4e1fd6c3\" data-element_type=\"section\">\n\t\t\t\t\t\t<div class=\"elementor-container elementor-column-gap-default\">\n\t\t\t\t\t<div class=\"elementor-column elementor-col-100 elementor-top-column elementor-element elementor-element-26833092\" data-id=\"26833092\" data-element_type=\"column\">\n\t\t\t<div class=\"elementor-widget-wrap elementor-element-populated\">\n\t\t\t\t\t\t\t\t<section class=\"elementor-section elementor-inner-section elementor-element elementor-element-3d52acaa elementor-section-full_width elementor-section-height-default elementor-section-height-default\" data-id=\"3d52acaa\" data-element_type=\"section\">\n\t\t\t\t\t\t<div class=\"elementor-container elementor-column-gap-default\">\n\t\t\t\t\t<div class=\"elementor-column elementor-col-25 elementor-inner-column elementor-element elementor-element-78c360cf\" data-id=\"78c360cf\" data-element_type=\"column\">\n\t\t\t<div class=\"elementor-widget-wrap elementor-element-populated\">\n\t\t\t\t\t\t\t\t<div class=\"elementor-element elementor-element-6847a2e elementor-widget elementor-widget-image\" data-id=\"6847a2e\" data-element_type=\"widget\" data-widget_type=\"image.default\">\n\t\t\t\t<div class=\"elementor-widget-container\">\n\t\t\t<style>\/*! elementor - v3.14.0 - 18-06-2023 *\/\n.elementor-widget-image{text-align:center}.elementor-widget-image a{display:inline-block}.elementor-widget-image a img[src$=\".svg\"]{width:48px}.elementor-widget-image img{vertical-align:middle;display:inline-block}<\/style>\t\t\t\t\t\t\t\t\t\t\t\t\t<a href=\"https:\/\/gayajoyas.com\/product\/pulsera-enlace\/\">\n\t\t\t\t\t\t\t<img loading=\"lazy\" decoding=\"async\" width=\"1600\" height=\"1600\" src=\"https:\/\/gayajoyas.com\/wp-content\/uploads\/2023\/06\/WhatsApp-Image-2023-08-11-at-11.36.08-AM.jpeg\" class=\"attachment-full size-full wp-image-2149\" alt=\"\" srcset=\"https:\/\/gayajoyas.com\/wp-content\/uploads\/2023\/06\/WhatsApp-Image-2023-08-11-at-11.36.08-AM.jpeg 1600w, https:\/\/gayajoyas.com\/wp-content\/uploads\/2023\/06\/WhatsApp-Image-2023-08-11-at-11.36.08-AM-300x300.jpeg 300w, https:\/\/gayajoyas.com\/wp-content\/uploads\/2023\/06\/WhatsApp-Image-2023-08-11-at-11.36.08-AM-1024x1024.jpeg 1024w, https:\/\/gayajoyas.com\/wp-content\/uploads\/2023\/06\/WhatsApp-Image-2023-08-11-at-11.36.08-AM-150x150.jpeg 150w, https:\/\/gayajoyas.com\/wp-content\/uploads\/2023\/06\/WhatsApp-Image-2023-08-11-at-11.36.08-AM-768x768.jpeg 768w, https:\/\/gayajoyas.com\/wp-content\/uploads\/2023\/06\/WhatsApp-Image-2023-08-11-at-11.36.08-AM-1536x1536.jpeg 1536w, https:\/\/gayajoyas.com\/wp-content\/uploads\/2023\/06\/WhatsApp-Image-2023-08-11-at-11.36.08-AM-600x600.jpeg 600w, https:\/\/gayajoyas.com\/wp-content\/uploads\/2023\/06\/WhatsApp-Image-2023-08-11-at-11.36.08-AM-100x100.jpeg 100w, https:\/\/gayajoyas.com\/wp-content\/uploads\/2023\/06\/WhatsApp-Image-2023-08-11-at-11.36.08-AM-64x64.jpeg 64w\" sizes=\"auto, (max-width: 1600px) 100vw, 1600px\" \/>\t\t\t\t\t\t\t\t<\/a>\n\t\t\t\t\t\t\t\t\t\t\t\t\t\t\t<\/div>\n\t\t\t\t<\/div>\n\t\t\t\t<div class=\"elementor-element elementor-element-6b89aeab elementor-widget elementor-widget-text-editor\" data-id=\"6b89aeab\" data-element_type=\"widget\" data-widget_type=\"text-editor.default\">\n\t\t\t\t<div class=\"elementor-widget-container\">\n\t\t\t<style>\/*! elementor - v3.14.0 - 18-06-2023 *\/\n.elementor-widget-text-editor.elementor-drop-cap-view-stacked .elementor-drop-cap{background-color:#69727d;color:#fff}.elementor-widget-text-editor.elementor-drop-cap-view-framed .elementor-drop-cap{color:#69727d;border:3px solid;background-color:transparent}.elementor-widget-text-editor:not(.elementor-drop-cap-view-default) .elementor-drop-cap{margin-top:8px}.elementor-widget-text-editor:not(.elementor-drop-cap-view-default) .elementor-drop-cap-letter{width:1em;height:1em}.elementor-widget-text-editor .elementor-drop-cap{float:left;text-align:center;line-height:1;font-size:50px}.elementor-widget-text-editor .elementor-drop-cap-letter{display:inline-block}<\/style>\t\t\t\t<p style=\"text-align: center;\">Pulsera Enlace<\/p>\t\t\t\t\t\t<\/div>\n\t\t\t\t<\/div>\n\t\t\t\t\t<\/div>\n\t\t<\/div>\n\t\t\t\t<div class=\"elementor-column elementor-col-25 elementor-inner-column elementor-element elementor-element-385fb105\" data-id=\"385fb105\" data-element_type=\"column\">\n\t\t\t<div class=\"elementor-widget-wrap elementor-element-populated\">\n\t\t\t\t\t\t\t\t<div class=\"elementor-element elementor-element-19d58055 elementor-widget elementor-widget-image\" data-id=\"19d58055\" data-element_type=\"widget\" data-widget_type=\"image.default\">\n\t\t\t\t<div class=\"elementor-widget-container\">\n\t\t\t\t\t\t\t\t\t\t\t\t\t\t\t\t<a href=\"https:\/\/gayajoyas.com\/product\/pulsera-rigida\/\">\n\t\t\t\t\t\t\t<img loading=\"lazy\" decoding=\"async\" width=\"1080\" height=\"1080\" src=\"https:\/\/gayajoyas.com\/wp-content\/uploads\/2023\/06\/Pulsera-rigida-de-oro-amarillo-18k-com-diamantes.png\" class=\"attachment-full size-full wp-image-1235\" alt=\"\" srcset=\"https:\/\/gayajoyas.com\/wp-content\/uploads\/2023\/06\/Pulsera-rigida-de-oro-amarillo-18k-com-diamantes.png 1080w, https:\/\/gayajoyas.com\/wp-content\/uploads\/2023\/06\/Pulsera-rigida-de-oro-amarillo-18k-com-diamantes-300x300.png 300w, https:\/\/gayajoyas.com\/wp-content\/uploads\/2023\/06\/Pulsera-rigida-de-oro-amarillo-18k-com-diamantes-100x100.png 100w, https:\/\/gayajoyas.com\/wp-content\/uploads\/2023\/06\/Pulsera-rigida-de-oro-amarillo-18k-com-diamantes-600x600.png 600w, https:\/\/gayajoyas.com\/wp-content\/uploads\/2023\/06\/Pulsera-rigida-de-oro-amarillo-18k-com-diamantes-64x64.png 64w, https:\/\/gayajoyas.com\/wp-content\/uploads\/2023\/06\/Pulsera-rigida-de-oro-amarillo-18k-com-diamantes-1024x1024.png 1024w, https:\/\/gayajoyas.com\/wp-content\/uploads\/2023\/06\/Pulsera-rigida-de-oro-amarillo-18k-com-diamantes-150x150.png 150w, https:\/\/gayajoyas.com\/wp-content\/uploads\/2023\/06\/Pulsera-rigida-de-oro-amarillo-18k-com-diamantes-768x768.png 768w\" sizes=\"auto, (max-width: 1080px) 100vw, 1080px\" \/>\t\t\t\t\t\t\t\t<\/a>\n\t\t\t\t\t\t\t\t\t\t\t\t\t\t\t<\/div>\n\t\t\t\t<\/div>\n\t\t\t\t<div class=\"elementor-element elementor-element-7413250b elementor-widget elementor-widget-text-editor\" data-id=\"7413250b\" data-element_type=\"widget\" data-widget_type=\"text-editor.default\">\n\t\t\t\t<div class=\"elementor-widget-container\">\n\t\t\t\t\t\t\t<p style=\"text-align: center;\">Pulsera R\u00edgida\u00a0<\/p>\t\t\t\t\t\t<\/div>\n\t\t\t\t<\/div>\n\t\t\t\t\t<\/div>\n\t\t<\/div>\n\t\t\t\t<div class=\"elementor-column elementor-col-25 elementor-inner-column elementor-element elementor-element-51d1710b\" data-id=\"51d1710b\" data-element_type=\"column\">\n\t\t\t<div class=\"elementor-widget-wrap elementor-element-populated\">\n\t\t\t\t\t\t\t\t<div class=\"elementor-element elementor-element-7de89d2b elementor-widget elementor-widget-image\" data-id=\"7de89d2b\" data-element_type=\"widget\" data-widget_type=\"image.default\">\n\t\t\t\t<div class=\"elementor-widget-container\">\n\t\t\t\t\t\t\t\t\t\t\t\t\t\t\t\t<a href=\"https:\/\/gayajoyas.com\/product\/pulsera-trenzada\/\">\n\t\t\t\t\t\t\t<img loading=\"lazy\" decoding=\"async\" width=\"1080\" height=\"1080\" src=\"https:\/\/gayajoyas.com\/wp-content\/uploads\/2023\/06\/Pulsera-de-oro-amarillo-18k-com-trama-trenzada.png\" class=\"attachment-full size-full wp-image-1233\" alt=\"\" srcset=\"https:\/\/gayajoyas.com\/wp-content\/uploads\/2023\/06\/Pulsera-de-oro-amarillo-18k-com-trama-trenzada.png 1080w, https:\/\/gayajoyas.com\/wp-content\/uploads\/2023\/06\/Pulsera-de-oro-amarillo-18k-com-trama-trenzada-300x300.png 300w, https:\/\/gayajoyas.com\/wp-content\/uploads\/2023\/06\/Pulsera-de-oro-amarillo-18k-com-trama-trenzada-100x100.png 100w, https:\/\/gayajoyas.com\/wp-content\/uploads\/2023\/06\/Pulsera-de-oro-amarillo-18k-com-trama-trenzada-600x600.png 600w, https:\/\/gayajoyas.com\/wp-content\/uploads\/2023\/06\/Pulsera-de-oro-amarillo-18k-com-trama-trenzada-64x64.png 64w, https:\/\/gayajoyas.com\/wp-content\/uploads\/2023\/06\/Pulsera-de-oro-amarillo-18k-com-trama-trenzada-1024x1024.png 1024w, https:\/\/gayajoyas.com\/wp-content\/uploads\/2023\/06\/Pulsera-de-oro-amarillo-18k-com-trama-trenzada-150x150.png 150w, https:\/\/gayajoyas.com\/wp-content\/uploads\/2023\/06\/Pulsera-de-oro-amarillo-18k-com-trama-trenzada-768x768.png 768w\" sizes=\"auto, (max-width: 1080px) 100vw, 1080px\" \/>\t\t\t\t\t\t\t\t<\/a>\n\t\t\t\t\t\t\t\t\t\t\t\t\t\t\t<\/div>\n\t\t\t\t<\/div>\n\t\t\t\t<div class=\"elementor-element elementor-element-2e2b0c20 elementor-widget elementor-widget-text-editor\" data-id=\"2e2b0c20\" data-element_type=\"widget\" data-widget_type=\"text-editor.default\">\n\t\t\t\t<div class=\"elementor-widget-container\">\n\t\t\t\t\t\t\t<p style=\"text-align: center;\">Pulsera Trenzado<\/p>\t\t\t\t\t\t<\/div>\n\t\t\t\t<\/div>\n\t\t\t\t\t<\/div>\n\t\t<\/div>\n\t\t\t\t<div class=\"elementor-column elementor-col-25 elementor-inner-column elementor-element elementor-element-1f89e27\" data-id=\"1f89e27\" data-element_type=\"column\">\n\t\t\t<div class=\"elementor-widget-wrap elementor-element-populated\">\n\t\t\t\t\t\t\t\t<div class=\"elementor-element elementor-element-af53873 elementor-widget elementor-widget-image\" data-id=\"af53873\" data-element_type=\"widget\" data-widget_type=\"image.default\">\n\t\t\t\t<div class=\"elementor-widget-container\">\n\t\t\t\t\t\t\t\t\t\t\t\t\t\t\t\t<a href=\"https:\/\/gayajoyas.com\/product\/pulsera-rigida-diamantes-2\/\">\n\t\t\t\t\t\t\t<img loading=\"lazy\" decoding=\"async\" width=\"1080\" height=\"1080\" src=\"https:\/\/gayajoyas.com\/wp-content\/uploads\/2023\/06\/Pulsera-rigida-diamantes-2.png\" class=\"attachment-full size-full wp-image-1782\" alt=\"\" srcset=\"https:\/\/gayajoyas.com\/wp-content\/uploads\/2023\/06\/Pulsera-rigida-diamantes-2.png 1080w, https:\/\/gayajoyas.com\/wp-content\/uploads\/2023\/06\/Pulsera-rigida-diamantes-2-300x300.png 300w, https:\/\/gayajoyas.com\/wp-content\/uploads\/2023\/06\/Pulsera-rigida-diamantes-2-1024x1024.png 1024w, https:\/\/gayajoyas.com\/wp-content\/uploads\/2023\/06\/Pulsera-rigida-diamantes-2-150x150.png 150w, https:\/\/gayajoyas.com\/wp-content\/uploads\/2023\/06\/Pulsera-rigida-diamantes-2-768x768.png 768w, https:\/\/gayajoyas.com\/wp-content\/uploads\/2023\/06\/Pulsera-rigida-diamantes-2-600x600.png 600w, https:\/\/gayajoyas.com\/wp-content\/uploads\/2023\/06\/Pulsera-rigida-diamantes-2-100x100.png 100w, https:\/\/gayajoyas.com\/wp-content\/uploads\/2023\/06\/Pulsera-rigida-diamantes-2-64x64.png 64w\" sizes=\"auto, (max-width: 1080px) 100vw, 1080px\" \/>\t\t\t\t\t\t\t\t<\/a>\n\t\t\t\t\t\t\t\t\t\t\t\t\t\t\t<\/div>\n\t\t\t\t<\/div>\n\t\t\t\t<div class=\"elementor-element elementor-element-44bd1be elementor-widget elementor-widget-text-editor\" data-id=\"44bd1be\" data-element_type=\"widget\" data-widget_type=\"text-editor.default\">\n\t\t\t\t<div class=\"elementor-widget-container\">\n\t\t\t\t\t\t\t<p style=\"text-align: center;\">Pulsera R\u00edgida Diamantes B<\/p>\t\t\t\t\t\t<\/div>\n\t\t\t\t<\/div>\n\t\t\t\t\t<\/div>\n\t\t<\/div>\n\t\t\t\t\t\t\t<\/div>\n\t\t<\/section>\n\t\t\t\t<section class=\"elementor-section elementor-inner-section elementor-element elementor-element-6e1849e elementor-section-full_width elementor-section-height-default elementor-section-height-default\" data-id=\"6e1849e\" data-element_type=\"section\">\n\t\t\t\t\t\t<div class=\"elementor-container elementor-column-gap-default\">\n\t\t\t\t\t<div class=\"elementor-column elementor-col-25 elementor-inner-column elementor-element elementor-element-3d6528e\" data-id=\"3d6528e\" data-element_type=\"column\">\n\t\t\t<div class=\"elementor-widget-wrap elementor-element-populated\">\n\t\t\t\t\t\t\t\t<div class=\"elementor-element elementor-element-1c67de9 elementor-widget elementor-widget-image\" data-id=\"1c67de9\" data-element_type=\"widget\" data-widget_type=\"image.default\">\n\t\t\t\t<div class=\"elementor-widget-container\">\n\t\t\t\t\t\t\t\t\t\t\t\t\t\t\t\t<a href=\"https:\/\/gayajoyas.com\/product\/pulsera-rigida-diamantes\/\">\n\t\t\t\t\t\t\t<img loading=\"lazy\" decoding=\"async\" width=\"1080\" height=\"1080\" src=\"https:\/\/gayajoyas.com\/wp-content\/uploads\/2023\/06\/Pulsera-rigida-diamante.png\" class=\"attachment-full size-full wp-image-1781\" alt=\"\" srcset=\"https:\/\/gayajoyas.com\/wp-content\/uploads\/2023\/06\/Pulsera-rigida-diamante.png 1080w, https:\/\/gayajoyas.com\/wp-content\/uploads\/2023\/06\/Pulsera-rigida-diamante-300x300.png 300w, https:\/\/gayajoyas.com\/wp-content\/uploads\/2023\/06\/Pulsera-rigida-diamante-1024x1024.png 1024w, https:\/\/gayajoyas.com\/wp-content\/uploads\/2023\/06\/Pulsera-rigida-diamante-150x150.png 150w, https:\/\/gayajoyas.com\/wp-content\/uploads\/2023\/06\/Pulsera-rigida-diamante-768x768.png 768w, https:\/\/gayajoyas.com\/wp-content\/uploads\/2023\/06\/Pulsera-rigida-diamante-600x600.png 600w, https:\/\/gayajoyas.com\/wp-content\/uploads\/2023\/06\/Pulsera-rigida-diamante-100x100.png 100w, https:\/\/gayajoyas.com\/wp-content\/uploads\/2023\/06\/Pulsera-rigida-diamante-64x64.png 64w\" sizes=\"auto, (max-width: 1080px) 100vw, 1080px\" \/>\t\t\t\t\t\t\t\t<\/a>\n\t\t\t\t\t\t\t\t\t\t\t\t\t\t\t<\/div>\n\t\t\t\t<\/div>\n\t\t\t\t<div class=\"elementor-element elementor-element-4be63ed elementor-widget elementor-widget-text-editor\" data-id=\"4be63ed\" data-element_type=\"widget\" data-widget_type=\"text-editor.default\">\n\t\t\t\t<div class=\"elementor-widget-container\">\n\t\t\t\t\t\t\t<p style=\"text-align: center;\">Pulsera R\u00edgida Diamantes A<\/p>\t\t\t\t\t\t<\/div>\n\t\t\t\t<\/div>\n\t\t\t\t\t<\/div>\n\t\t<\/div>\n\t\t\t\t<div class=\"elementor-column elementor-col-25 elementor-inner-column elementor-element elementor-element-4fb0e43\" data-id=\"4fb0e43\" data-element_type=\"column\">\n\t\t\t<div class=\"elementor-widget-wrap elementor-element-populated\">\n\t\t\t\t\t\t\t\t<div class=\"elementor-element elementor-element-4af8049 elementor-widget elementor-widget-image\" data-id=\"4af8049\" data-element_type=\"widget\" data-widget_type=\"image.default\">\n\t\t\t\t<div class=\"elementor-widget-container\">\n\t\t\t\t\t\t\t\t\t\t\t\t\t\t\t\t<a href=\"https:\/\/gayajoyas.com\/product\/pulsera-tramado-triangulo\/\">\n\t\t\t\t\t\t\t<img loading=\"lazy\" decoding=\"async\" width=\"1080\" height=\"1080\" src=\"https:\/\/gayajoyas.com\/wp-content\/uploads\/2023\/06\/Pulsera-tramado-triangulo.png\" class=\"attachment-full size-full wp-image-1786\" alt=\"\" srcset=\"https:\/\/gayajoyas.com\/wp-content\/uploads\/2023\/06\/Pulsera-tramado-triangulo.png 1080w, https:\/\/gayajoyas.com\/wp-content\/uploads\/2023\/06\/Pulsera-tramado-triangulo-300x300.png 300w, https:\/\/gayajoyas.com\/wp-content\/uploads\/2023\/06\/Pulsera-tramado-triangulo-1024x1024.png 1024w, https:\/\/gayajoyas.com\/wp-content\/uploads\/2023\/06\/Pulsera-tramado-triangulo-150x150.png 150w, https:\/\/gayajoyas.com\/wp-content\/uploads\/2023\/06\/Pulsera-tramado-triangulo-768x768.png 768w, https:\/\/gayajoyas.com\/wp-content\/uploads\/2023\/06\/Pulsera-tramado-triangulo-600x600.png 600w, https:\/\/gayajoyas.com\/wp-content\/uploads\/2023\/06\/Pulsera-tramado-triangulo-100x100.png 100w, https:\/\/gayajoyas.com\/wp-content\/uploads\/2023\/06\/Pulsera-tramado-triangulo-64x64.png 64w\" sizes=\"auto, (max-width: 1080px) 100vw, 1080px\" \/>\t\t\t\t\t\t\t\t<\/a>\n\t\t\t\t\t\t\t\t\t\t\t\t\t\t\t<\/div>\n\t\t\t\t<\/div>\n\t\t\t\t<div class=\"elementor-element elementor-element-cb82579 elementor-widget elementor-widget-text-editor\" data-id=\"cb82579\" data-element_type=\"widget\" data-widget_type=\"text-editor.default\">\n\t\t\t\t<div class=\"elementor-widget-container\">\n\t\t\t\t\t\t\t<p style=\"text-align: center;\">Pulsera Tramado Tri\u00e1ngulo<\/p>\t\t\t\t\t\t<\/div>\n\t\t\t\t<\/div>\n\t\t\t\t\t<\/div>\n\t\t<\/div>\n\t\t\t\t<div class=\"elementor-column elementor-col-25 elementor-inner-column elementor-element elementor-element-380a537\" data-id=\"380a537\" data-element_type=\"column\">\n\t\t\t<div class=\"elementor-widget-wrap elementor-element-populated\">\n\t\t\t\t\t\t\t\t<div class=\"elementor-element elementor-element-42ed4b6 elementor-widget elementor-widget-image\" data-id=\"42ed4b6\" data-element_type=\"widget\" data-widget_type=\"image.default\">\n\t\t\t\t<div class=\"elementor-widget-container\">\n\t\t\t\t\t\t\t\t\t\t\t\t\t\t\t\t<a href=\"https:\/\/gayajoyas.com\/product\/pulsera-cruzada\/\">\n\t\t\t\t\t\t\t<img loading=\"lazy\" decoding=\"async\" width=\"1080\" height=\"1080\" src=\"https:\/\/gayajoyas.com\/wp-content\/uploads\/2023\/06\/Pulsera-cruzada.png\" class=\"attachment-full size-full wp-image-1779\" alt=\"\" srcset=\"https:\/\/gayajoyas.com\/wp-content\/uploads\/2023\/06\/Pulsera-cruzada.png 1080w, https:\/\/gayajoyas.com\/wp-content\/uploads\/2023\/06\/Pulsera-cruzada-300x300.png 300w, https:\/\/gayajoyas.com\/wp-content\/uploads\/2023\/06\/Pulsera-cruzada-1024x1024.png 1024w, https:\/\/gayajoyas.com\/wp-content\/uploads\/2023\/06\/Pulsera-cruzada-150x150.png 150w, https:\/\/gayajoyas.com\/wp-content\/uploads\/2023\/06\/Pulsera-cruzada-768x768.png 768w, https:\/\/gayajoyas.com\/wp-content\/uploads\/2023\/06\/Pulsera-cruzada-600x600.png 600w, https:\/\/gayajoyas.com\/wp-content\/uploads\/2023\/06\/Pulsera-cruzada-100x100.png 100w, https:\/\/gayajoyas.com\/wp-content\/uploads\/2023\/06\/Pulsera-cruzada-64x64.png 64w\" sizes=\"auto, (max-width: 1080px) 100vw, 1080px\" \/>\t\t\t\t\t\t\t\t<\/a>\n\t\t\t\t\t\t\t\t\t\t\t\t\t\t\t<\/div>\n\t\t\t\t<\/div>\n\t\t\t\t<div class=\"elementor-element elementor-element-480ba66 elementor-widget elementor-widget-text-editor\" data-id=\"480ba66\" data-element_type=\"widget\" data-widget_type=\"text-editor.default\">\n\t\t\t\t<div class=\"elementor-widget-container\">\n\t\t\t\t\t\t\t<p style=\"text-align: center;\">Pulsera Cruzada A<\/p>\t\t\t\t\t\t<\/div>\n\t\t\t\t<\/div>\n\t\t\t\t\t<\/div>\n\t\t<\/div>\n\t\t\t\t<div class=\"elementor-column elementor-col-25 elementor-inner-column elementor-element elementor-element-3b93706\" data-id=\"3b93706\" data-element_type=\"column\">\n\t\t\t<div class=\"elementor-widget-wrap elementor-element-populated\">\n\t\t\t\t\t\t\t\t<div class=\"elementor-element elementor-element-a36e641 elementor-widget elementor-widget-image\" data-id=\"a36e641\" data-element_type=\"widget\" data-widget_type=\"image.default\">\n\t\t\t\t<div class=\"elementor-widget-container\">\n\t\t\t\t\t\t\t\t\t\t\t\t\t\t\t\t<a href=\"https:\/\/gayajoyas.com\/product\/pulsera-tramado-recta\/%20\">\n\t\t\t\t\t\t\t<img loading=\"lazy\" decoding=\"async\" width=\"1080\" height=\"1080\" src=\"https:\/\/gayajoyas.com\/wp-content\/uploads\/2023\/06\/Pulsera-tramado-reta.png\" class=\"attachment-full size-full wp-image-1785\" alt=\"\" srcset=\"https:\/\/gayajoyas.com\/wp-content\/uploads\/2023\/06\/Pulsera-tramado-reta.png 1080w, https:\/\/gayajoyas.com\/wp-content\/uploads\/2023\/06\/Pulsera-tramado-reta-300x300.png 300w, https:\/\/gayajoyas.com\/wp-content\/uploads\/2023\/06\/Pulsera-tramado-reta-1024x1024.png 1024w, https:\/\/gayajoyas.com\/wp-content\/uploads\/2023\/06\/Pulsera-tramado-reta-150x150.png 150w, https:\/\/gayajoyas.com\/wp-content\/uploads\/2023\/06\/Pulsera-tramado-reta-768x768.png 768w, https:\/\/gayajoyas.com\/wp-content\/uploads\/2023\/06\/Pulsera-tramado-reta-600x600.png 600w, https:\/\/gayajoyas.com\/wp-content\/uploads\/2023\/06\/Pulsera-tramado-reta-100x100.png 100w, https:\/\/gayajoyas.com\/wp-content\/uploads\/2023\/06\/Pulsera-tramado-reta-64x64.png 64w\" sizes=\"auto, (max-width: 1080px) 100vw, 1080px\" \/>\t\t\t\t\t\t\t\t<\/a>\n\t\t\t\t\t\t\t\t\t\t\t\t\t\t\t<\/div>\n\t\t\t\t<\/div>\n\t\t\t\t<div class=\"elementor-element elementor-element-5cba775 elementor-widget elementor-widget-text-editor\" data-id=\"5cba775\" data-element_type=\"widget\" data-widget_type=\"text-editor.default\">\n\t\t\t\t<div class=\"elementor-widget-container\">\n\t\t\t\t\t\t\t<p style=\"text-align: center;\">Pulsera Tramado Plana<\/p>\t\t\t\t\t\t<\/div>\n\t\t\t\t<\/div>\n\t\t\t\t\t<\/div>\n\t\t<\/div>\n\t\t\t\t\t\t\t<\/div>\n\t\t<\/section>\n\t\t\t\t<section class=\"elementor-section elementor-inner-section elementor-element elementor-element-18cfe30 elementor-section-full_width elementor-section-height-default elementor-section-height-default\" data-id=\"18cfe30\" data-element_type=\"section\">\n\t\t\t\t\t\t<div class=\"elementor-container elementor-column-gap-default\">\n\t\t\t\t\t<div class=\"elementor-column elementor-col-25 elementor-inner-column elementor-element elementor-element-02fb0db\" data-id=\"02fb0db\" data-element_type=\"column\">\n\t\t\t<div class=\"elementor-widget-wrap elementor-element-populated\">\n\t\t\t\t\t\t\t\t<div class=\"elementor-element elementor-element-e0c61ff elementor-widget elementor-widget-image\" data-id=\"e0c61ff\" data-element_type=\"widget\" data-widget_type=\"image.default\">\n\t\t\t\t<div class=\"elementor-widget-container\">\n\t\t\t\t\t\t\t\t\t\t\t\t\t\t\t\t<a href=\"https:\/\/gayajoyas.com\/product\/pulsera-tramado-mediacana\/\">\n\t\t\t\t\t\t\t<img loading=\"lazy\" decoding=\"async\" width=\"1080\" height=\"1080\" src=\"https:\/\/gayajoyas.com\/wp-content\/uploads\/2023\/06\/Pulsera-tramado-mediacana.png\" class=\"attachment-full size-full wp-image-1784\" alt=\"\" srcset=\"https:\/\/gayajoyas.com\/wp-content\/uploads\/2023\/06\/Pulsera-tramado-mediacana.png 1080w, https:\/\/gayajoyas.com\/wp-content\/uploads\/2023\/06\/Pulsera-tramado-mediacana-300x300.png 300w, https:\/\/gayajoyas.com\/wp-content\/uploads\/2023\/06\/Pulsera-tramado-mediacana-1024x1024.png 1024w, https:\/\/gayajoyas.com\/wp-content\/uploads\/2023\/06\/Pulsera-tramado-mediacana-150x150.png 150w, https:\/\/gayajoyas.com\/wp-content\/uploads\/2023\/06\/Pulsera-tramado-mediacana-768x768.png 768w, https:\/\/gayajoyas.com\/wp-content\/uploads\/2023\/06\/Pulsera-tramado-mediacana-600x600.png 600w, https:\/\/gayajoyas.com\/wp-content\/uploads\/2023\/06\/Pulsera-tramado-mediacana-100x100.png 100w, https:\/\/gayajoyas.com\/wp-content\/uploads\/2023\/06\/Pulsera-tramado-mediacana-64x64.png 64w\" sizes=\"auto, (max-width: 1080px) 100vw, 1080px\" \/>\t\t\t\t\t\t\t\t<\/a>\n\t\t\t\t\t\t\t\t\t\t\t\t\t\t\t<\/div>\n\t\t\t\t<\/div>\n\t\t\t\t<div class=\"elementor-element elementor-element-97f76ee elementor-widget elementor-widget-text-editor\" data-id=\"97f76ee\" data-element_type=\"widget\" data-widget_type=\"text-editor.default\">\n\t\t\t\t<div class=\"elementor-widget-container\">\n\t\t\t\t\t\t\t<p style=\"text-align: center;\">Pulsera Tramado Mediaca\u00f1a<\/p>\t\t\t\t\t\t<\/div>\n\t\t\t\t<\/div>\n\t\t\t\t\t<\/div>\n\t\t<\/div>\n\t\t\t\t<div class=\"elementor-column elementor-col-25 elementor-inner-column elementor-element elementor-element-a39c0a2\" data-id=\"a39c0a2\" data-element_type=\"column\">\n\t\t\t<div class=\"elementor-widget-wrap elementor-element-populated\">\n\t\t\t\t\t\t\t\t<div class=\"elementor-element elementor-element-13fd6af elementor-widget elementor-widget-image\" data-id=\"13fd6af\" data-element_type=\"widget\" data-widget_type=\"image.default\">\n\t\t\t\t<div class=\"elementor-widget-container\">\n\t\t\t\t\t\t\t\t\t\t\t\t\t\t\t\t<a href=\"https:\/\/gayajoyas.com\/product\/pulsera-textura\/\">\n\t\t\t\t\t\t\t<img loading=\"lazy\" decoding=\"async\" width=\"1080\" height=\"1080\" src=\"https:\/\/gayajoyas.com\/wp-content\/uploads\/2023\/06\/Pulsera-textura.png\" class=\"attachment-full size-full wp-image-1783\" alt=\"\" srcset=\"https:\/\/gayajoyas.com\/wp-content\/uploads\/2023\/06\/Pulsera-textura.png 1080w, https:\/\/gayajoyas.com\/wp-content\/uploads\/2023\/06\/Pulsera-textura-300x300.png 300w, https:\/\/gayajoyas.com\/wp-content\/uploads\/2023\/06\/Pulsera-textura-1024x1024.png 1024w, https:\/\/gayajoyas.com\/wp-content\/uploads\/2023\/06\/Pulsera-textura-150x150.png 150w, https:\/\/gayajoyas.com\/wp-content\/uploads\/2023\/06\/Pulsera-textura-768x768.png 768w, https:\/\/gayajoyas.com\/wp-content\/uploads\/2023\/06\/Pulsera-textura-600x600.png 600w, https:\/\/gayajoyas.com\/wp-content\/uploads\/2023\/06\/Pulsera-textura-100x100.png 100w, https:\/\/gayajoyas.com\/wp-content\/uploads\/2023\/06\/Pulsera-textura-64x64.png 64w\" sizes=\"auto, (max-width: 1080px) 100vw, 1080px\" \/>\t\t\t\t\t\t\t\t<\/a>\n\t\t\t\t\t\t\t\t\t\t\t\t\t\t\t<\/div>\n\t\t\t\t<\/div>\n\t\t\t\t<div class=\"elementor-element elementor-element-a72ba62 elementor-widget elementor-widget-text-editor\" data-id=\"a72ba62\" data-element_type=\"widget\" data-widget_type=\"text-editor.default\">\n\t\t\t\t<div class=\"elementor-widget-container\">\n\t\t\t\t\t\t\t<p style=\"text-align: center;\">Pulsera Textura<\/p>\t\t\t\t\t\t<\/div>\n\t\t\t\t<\/div>\n\t\t\t\t\t<\/div>\n\t\t<\/div>\n\t\t\t\t<div class=\"elementor-column elementor-col-25 elementor-inner-column elementor-element elementor-element-e436375\" data-id=\"e436375\" data-element_type=\"column\">\n\t\t\t<div class=\"elementor-widget-wrap elementor-element-populated\">\n\t\t\t\t\t\t\t\t<div class=\"elementor-element elementor-element-902ddf8 elementor-widget elementor-widget-text-editor\" data-id=\"902ddf8\" data-element_type=\"widget\" data-widget_type=\"text-editor.default\">\n\t\t\t\t<div class=\"elementor-widget-container\">\n\t\t\t\t\t\t\t\t\t\t\t\t\t<\/div>\n\t\t\t\t<\/div>\n\t\t\t\t\t<\/div>\n\t\t<\/div>\n\t\t\t\t<div class=\"elementor-column elementor-col-25 elementor-inner-column elementor-element elementor-element-d3340cf\" data-id=\"d3340cf\" data-element_type=\"column\">\n\t\t\t<div class=\"elementor-widget-wrap\">\n\t\t\t\t\t\t\t\t\t<\/div>\n\t\t<\/div>\n\t\t\t\t\t\t\t<\/div>\n\t\t<\/section>\n\t\t\t\t\t<\/div>\n\t\t<\/div>\n\t\t\t\t\t\t\t<\/div>\n\t\t<\/section>\n\t\t\t\t\t\t\t<\/div>\n\t\t","protected":false},"excerpt":{"rendered":"<p>Pulsera Enlace Pulsera R\u00edgida\u00a0 Pulsera Trenzado Pulsera R\u00edgida Diamantes B Pulsera R\u00edgida Diamantes A Pulsera Tramado Tri\u00e1ngulo Pulsera Cruzada A Pulsera Tramado Plana Pulsera Tramado Mediaca\u00f1a Pulsera Textura<\/p>\n","protected":false},"author":1,"featured_media":0,"parent":0,"menu_order":0,"comment_status":"closed","ping_status":"closed","template":"","meta":{"_joinchat":[],"footnotes":""},"class_list":["post-1317","page","type-page","status-publish","hentry"],"_links":{"self":[{"href":"http:\/\/gayajoyas.com\/es_es\/wp-json\/wp\/v2\/pages\/1317","targetHints":{"allow":["GET"]}}],"collection":[{"href":"http:\/\/gayajoyas.com\/es_es\/wp-json\/wp\/v2\/pages"}],"about":[{"href":"http:\/\/gayajoyas.com\/es_es\/wp-json\/wp\/v2\/types\/page"}],"author":[{"embeddable":true,"href":"http:\/\/gayajoyas.com\/es_es\/wp-json\/wp\/v2\/users\/1"}],"replies":[{"embeddable":true,"href":"http:\/\/gayajoyas.com\/es_es\/wp-json\/wp\/v2\/comments?post=1317"}],"version-history":[{"count":101,"href":"http:\/\/gayajoyas.com\/es_es\/wp-json\/wp\/v2\/pages\/1317\/revisions"}],"predecessor-version":[{"id":3453,"href":"http:\/\/gayajoyas.com\/es_es\/wp-json\/wp\/v2\/pages\/1317\/revisions\/3453"}],"wp:attachment":[{"href":"http:\/\/gayajoyas.com\/es_es\/wp-json\/wp\/v2\/media?parent=1317"}],"curies":[{"name":"wp","href":"https:\/\/api.w.org\/{rel}","templated":true}]}}