{"id":1342,"date":"2023-06-25T23:06:02","date_gmt":"2023-06-25T23:06:02","guid":{"rendered":"https:\/\/gayajoyas.com\/?post_type=product&#038;p=1342"},"modified":"2026-03-24T15:31:35","modified_gmt":"2026-03-24T15:31:35","slug":"aro-de-servilleta-panal","status":"publish","type":"product","link":"https:\/\/gayajoyas.com\/en\/product\/aro-de-servilleta-panal\/","title":{"rendered":"Aro de Servilleta Panal"},"content":{"rendered":"<p>Aro de servilleta panal de plata 925 con detalle de abeja con ba\u00f1o de oro.<\/p>\n<p>Nuestra l\u00ednea de plater\u00eda nace del amor de nuestra dise\u00f1adora Mariana Magtaz por los detalles y placer de recibir amigos en casa.<\/p>\n<p>Son verdaderas joyas para el hogar.<\/p>\n<p>&nbsp;<\/p>\n<p><em>Free Shipping within Lima<\/em><\/p>\n<p><em>Shipping costs to other other parts of Peru and other countries calculated individually.<\/em><\/p>","protected":false},"excerpt":{"rendered":"<p>Aro de servilleta panal de plata 925 con detalle de abeja con ba\u00f1o de oro.<\/p>\n<p>Nuestra l\u00ednea de plater\u00eda nace del amor de nuestra dise\u00f1adora Mariana Magtaz por los detalles y placer de recibir amigos en casa.<\/p>\n<p>Son verdaderas joyas para el hogar.<\/p>\n<p>&nbsp;<\/p>\n<p><em>Free Shipping within Lima<\/em><\/p>\n<p><em>Shipping costs to other other parts of Peru and other countries calculated individually.<\/em><\/p>","protected":false},"featured_media":1343,"comment_status":"open","ping_status":"closed","template":"","meta":{"_joinchat":[]},"product_cat":[36],"product_tag":[],"class_list":["post-1342","product","type-product","status-publish","has-post-thumbnail","hentry","product_cat-plateria"],"_links":{"self":[{"href":"https:\/\/gayajoyas.com\/en\/wp-json\/wp\/v2\/product\/1342","targetHints":{"allow":["GET"]}}],"collection":[{"href":"https:\/\/gayajoyas.com\/en\/wp-json\/wp\/v2\/product"}],"about":[{"href":"https:\/\/gayajoyas.com\/en\/wp-json\/wp\/v2\/types\/product"}],"replies":[{"embeddable":true,"href":"https:\/\/gayajoyas.com\/en\/wp-json\/wp\/v2\/comments?post=1342"}],"wp:featuredmedia":[{"embeddable":true,"href":"https:\/\/gayajoyas.com\/en\/wp-json\/wp\/v2\/media\/1343"}],"wp:attachment":[{"href":"https:\/\/gayajoyas.com\/en\/wp-json\/wp\/v2\/media?parent=1342"}],"wp:term":[{"taxonomy":"product_cat","embeddable":true,"href":"https:\/\/gayajoyas.com\/en\/wp-json\/wp\/v2\/product_cat?post=1342"},{"taxonomy":"product_tag","embeddable":true,"href":"https:\/\/gayajoyas.com\/en\/wp-json\/wp\/v2\/product_tag?post=1342"}],"curies":[{"name":"wp","href":"https:\/\/api.w.org\/{rel}","templated":true}]}}