{"id":1349,"date":"2023-06-25T23:20:06","date_gmt":"2023-06-25T23:20:06","guid":{"rendered":"https:\/\/gayajoyas.com\/?post_type=product&#038;p=1349"},"modified":"2026-03-24T15:27:11","modified_gmt":"2026-03-24T15:27:11","slug":"cuchara-de-cafe-pajaro-plata","status":"publish","type":"product","link":"https:\/\/gayajoyas.com\/en\/product\/cuchara-de-cafe-pajaro-plata\/","title":{"rendered":"Cuchara de Caf\u00e9 P\u00e1jaro Plata"},"content":{"rendered":"<p>Cuchara de caf\u00e9 de plata 925 con detalle de p\u00e1jaro.<\/p>\n<p>Nuestra l\u00ednea de plater\u00eda nace del amor de nuestra dise\u00f1adora Mariana Magtaz por los detalles y placer de recibir amigos en casa.<\/p>\n<p>Son verdaderas joyas para el hogar.<\/p>\n<p>&nbsp;<\/p>\n<p><em>Free Shipping within Lima<\/em><\/p>\n<p><em>Shipping costs to other other parts of Peru and other countries calculated individually.<\/em><\/p>","protected":false},"excerpt":{"rendered":"<p>Cuchara de caf\u00e9 de plata 925 con detalle de p\u00e1jaro.<\/p>\n<p>Nuestra l\u00ednea de plater\u00eda nace del amor de nuestra dise\u00f1adora Mariana Magtaz por los detalles y placer de recibir amigos en casa.<\/p>\n<p>Son verdaderas joyas para el hogar.<\/p>\n<p>&nbsp;<\/p>\n<p><em>Free Shipping within Lima<\/em><\/p>\n<p><em>Shipping costs to other other parts of Peru and other countries calculated individually.<\/em><\/p>","protected":false},"featured_media":1353,"comment_status":"open","ping_status":"closed","template":"","meta":{"_joinchat":[]},"product_cat":[36],"product_tag":[],"class_list":["post-1349","product","type-product","status-publish","has-post-thumbnail","hentry","product_cat-plateria"],"_links":{"self":[{"href":"https:\/\/gayajoyas.com\/en\/wp-json\/wp\/v2\/product\/1349","targetHints":{"allow":["GET"]}}],"collection":[{"href":"https:\/\/gayajoyas.com\/en\/wp-json\/wp\/v2\/product"}],"about":[{"href":"https:\/\/gayajoyas.com\/en\/wp-json\/wp\/v2\/types\/product"}],"replies":[{"embeddable":true,"href":"https:\/\/gayajoyas.com\/en\/wp-json\/wp\/v2\/comments?post=1349"}],"wp:featuredmedia":[{"embeddable":true,"href":"https:\/\/gayajoyas.com\/en\/wp-json\/wp\/v2\/media\/1353"}],"wp:attachment":[{"href":"https:\/\/gayajoyas.com\/en\/wp-json\/wp\/v2\/media?parent=1349"}],"wp:term":[{"taxonomy":"product_cat","embeddable":true,"href":"https:\/\/gayajoyas.com\/en\/wp-json\/wp\/v2\/product_cat?post=1349"},{"taxonomy":"product_tag","embeddable":true,"href":"https:\/\/gayajoyas.com\/en\/wp-json\/wp\/v2\/product_tag?post=1349"}],"curies":[{"name":"wp","href":"https:\/\/api.w.org\/{rel}","templated":true}]}}