{"id":2330,"date":"2023-09-01T14:16:22","date_gmt":"2023-09-01T14:16:22","guid":{"rendered":"https:\/\/gayajoyas.com\/?post_type=product&#038;p=2330"},"modified":"2024-06-28T17:37:03","modified_gmt":"2024-06-28T17:37:03","slug":"taza-miro","status":"publish","type":"product","link":"https:\/\/gayajoyas.com\/en\/product\/taza-miro\/","title":{"rendered":"Taza Miro"},"content":{"rendered":"<p>Rachel Hoshino es una dise\u00f1adora autodidacta, y desde hace 30 dedicada al porcel\u00e1nico y materiales cer\u00e1micos.<\/p>\n<p>Enamorada del universo de la casa, y en ocasiones en la mesa, crea piezas que invitan con cari\u00f1o a la apreciaci\u00f3n contemplativa.<\/p>\n<p>Adem\u00e1s de su propia l\u00ednea, desarrolla muchos productos y proyectos para marcas, empresas y otros artistas de todo el mundo.<\/p>\n<p>&nbsp;<\/p>\n<p><em>Free Shipping within Lima<\/em><\/p>\n<p><em>Shipping costs to other other parts of Peru and other countries calculated individually.<\/em><\/p>","protected":false},"excerpt":{"rendered":"<p>Rachel Hoshino es una dise\u00f1adora autodidacta, y desde hace 30 dedicada al porcel\u00e1nico y materiales cer\u00e1micos.<\/p>\n<p>Enamorada del universo de la casa, y en ocasiones en la mesa, crea piezas que invitan con cari\u00f1o a la apreciaci\u00f3n contemplativa.<\/p>\n<p>Adem\u00e1s de su propia l\u00ednea, desarrolla muchos productos y proyectos para marcas, empresas y otros artistas de todo el mundo.<\/p>\n<p>&nbsp;<\/p>\n<p><em>Free Shipping within Lima<\/em><\/p>\n<p><em>Shipping costs to other other parts of Peru and other countries calculated individually.<\/em><\/p>","protected":false},"featured_media":2331,"comment_status":"open","ping_status":"closed","template":"","meta":{"_joinchat":[]},"product_cat":[37],"product_tag":[],"class_list":["post-2330","product","type-product","status-publish","has-post-thumbnail","hentry","product_cat-rachel-hoshino"],"_links":{"self":[{"href":"https:\/\/gayajoyas.com\/en\/wp-json\/wp\/v2\/product\/2330","targetHints":{"allow":["GET"]}}],"collection":[{"href":"https:\/\/gayajoyas.com\/en\/wp-json\/wp\/v2\/product"}],"about":[{"href":"https:\/\/gayajoyas.com\/en\/wp-json\/wp\/v2\/types\/product"}],"replies":[{"embeddable":true,"href":"https:\/\/gayajoyas.com\/en\/wp-json\/wp\/v2\/comments?post=2330"}],"wp:featuredmedia":[{"embeddable":true,"href":"https:\/\/gayajoyas.com\/en\/wp-json\/wp\/v2\/media\/2331"}],"wp:attachment":[{"href":"https:\/\/gayajoyas.com\/en\/wp-json\/wp\/v2\/media?parent=2330"}],"wp:term":[{"taxonomy":"product_cat","embeddable":true,"href":"https:\/\/gayajoyas.com\/en\/wp-json\/wp\/v2\/product_cat?post=2330"},{"taxonomy":"product_tag","embeddable":true,"href":"https:\/\/gayajoyas.com\/en\/wp-json\/wp\/v2\/product_tag?post=2330"}],"curies":[{"name":"wp","href":"https:\/\/api.w.org\/{rel}","templated":true}]}}