{"id":1432,"date":"2023-06-26T02:21:48","date_gmt":"2023-06-26T02:21:48","guid":{"rendered":"https:\/\/gayajoyas.com\/?post_type=product&#038;p=1432"},"modified":"2024-07-01T20:45:46","modified_gmt":"2024-07-01T20:45:46","slug":"taza-de-te-pajaro","status":"publish","type":"product","link":"https:\/\/gayajoyas.com\/es_es\/product\/taza-de-te-pajaro\/","title":{"rendered":"Taza de T\u00e9 P\u00e1jaro"},"content":{"rendered":"","protected":false},"excerpt":{"rendered":"<p>Taza de T\u00e9 con detalle de oro o platino.<\/p>\n<p>Rachel Hoshino es una dise\u00f1adora autodidacta, y desde hace 30 dedicada al porcel\u00e1nico y materiales cer\u00e1micos.<\/p>\n<p>Enamorada del universo de la casa, y en ocasiones en la mesa, crea piezas que invitan con cari\u00f1o a la apreciaci\u00f3n contemplativa.<\/p>\n<p>Adem\u00e1s de su propia l\u00ednea, desarrolla muchos productos y proyectos para marcas, empresas y otros artistas de todo el mundo.<\/p>\n<p>&nbsp;<\/p>\n<p><em>El env\u00edo de las piezas en la ciudad de Lima no tiene costo.<\/em><\/p>\n<p><em>A provincias y otros pa\u00edses los costos ser\u00e1n calculados de manera particular.<\/em><\/p>\n","protected":false},"featured_media":1434,"comment_status":"open","ping_status":"closed","template":"","meta":{"_joinchat":[]},"product_cat":[37],"product_tag":[],"class_list":["post-1432","product","type-product","status-publish","has-post-thumbnail","hentry","product_cat-rachel-hoshino"],"_links":{"self":[{"href":"https:\/\/gayajoyas.com\/es_es\/wp-json\/wp\/v2\/product\/1432","targetHints":{"allow":["GET"]}}],"collection":[{"href":"https:\/\/gayajoyas.com\/es_es\/wp-json\/wp\/v2\/product"}],"about":[{"href":"https:\/\/gayajoyas.com\/es_es\/wp-json\/wp\/v2\/types\/product"}],"replies":[{"embeddable":true,"href":"https:\/\/gayajoyas.com\/es_es\/wp-json\/wp\/v2\/comments?post=1432"}],"wp:featuredmedia":[{"embeddable":true,"href":"https:\/\/gayajoyas.com\/es_es\/wp-json\/wp\/v2\/media\/1434"}],"wp:attachment":[{"href":"https:\/\/gayajoyas.com\/es_es\/wp-json\/wp\/v2\/media?parent=1432"}],"wp:term":[{"taxonomy":"product_cat","embeddable":true,"href":"https:\/\/gayajoyas.com\/es_es\/wp-json\/wp\/v2\/product_cat?post=1432"},{"taxonomy":"product_tag","embeddable":true,"href":"https:\/\/gayajoyas.com\/es_es\/wp-json\/wp\/v2\/product_tag?post=1432"}],"curies":[{"name":"wp","href":"https:\/\/api.w.org\/{rel}","templated":true}]}}