{"id":1754,"date":"2023-06-30T03:36:29","date_gmt":"2023-06-30T03:36:29","guid":{"rendered":"https:\/\/gayajoyas.com\/?post_type=product&#038;p=1754"},"modified":"2025-05-07T00:48:10","modified_gmt":"2025-05-07T00:48:10","slug":"collar-hilos","status":"publish","type":"product","link":"https:\/\/gayajoyas.com\/es_es\/product\/collar-hilos\/","title":{"rendered":"Collar Hilos"},"content":{"rendered":"<p>Collar de oro amarillo 18k con detalles de oro blanco 18k y Diamantes.<\/p>\n<p>Nuestra colecci\u00f3n Tramado est\u00e1 inspirada en los maravillosos trabajos textiles del Antiguo Per\u00fa. La textiler\u00eda precolombina, cuya alta calidad y t\u00e9cnicas se han preservado en el tiempo, nos ha permitido conocer la relaci\u00f3n del hombre con su entorno, su sociedad y cosmovisi\u00f3n.<\/p>\n<p>&nbsp;<\/p>\n<p><em>El env\u00edo de las piezas en la ciudad de Lima no tiene costo.<\/em><\/p>\n<p><em>A provincias y otros pa\u00edses los costos ser\u00e1n calculados de manera particular.<\/em><\/p>\n","protected":false},"excerpt":{"rendered":"<p>Collar de oro amarillo 18k con detalles de oro blanco 18k y Diamantes.<\/p>\n<p>Nuestra colecci\u00f3n Tramado est\u00e1 inspirada en los maravillosos trabajos textiles del Antiguo Per\u00fa. La textiler\u00eda precolombina, cuya alta calidad y t\u00e9cnicas se han preservado en el tiempo, nos ha permitido conocer la relaci\u00f3n del hombre con su entorno, su sociedad y cosmovisi\u00f3n.<\/p>\n<p>&nbsp;<\/p>\n<p><em>El env\u00edo de las piezas en la ciudad de Lima no tiene costo.<\/em><\/p>\n<p><em>A provincias y otros pa\u00edses los costos ser\u00e1n calculados de manera particular.<\/em><\/p>\n","protected":false},"featured_media":1769,"comment_status":"open","ping_status":"closed","template":"","meta":{"_joinchat":[]},"product_cat":[26],"product_tag":[24],"class_list":["post-1754","product","type-product","status-publish","has-post-thumbnail","hentry","product_cat-collar","product_tag-coleccion-tramado"],"_links":{"self":[{"href":"https:\/\/gayajoyas.com\/es_es\/wp-json\/wp\/v2\/product\/1754","targetHints":{"allow":["GET"]}}],"collection":[{"href":"https:\/\/gayajoyas.com\/es_es\/wp-json\/wp\/v2\/product"}],"about":[{"href":"https:\/\/gayajoyas.com\/es_es\/wp-json\/wp\/v2\/types\/product"}],"replies":[{"embeddable":true,"href":"https:\/\/gayajoyas.com\/es_es\/wp-json\/wp\/v2\/comments?post=1754"}],"wp:featuredmedia":[{"embeddable":true,"href":"https:\/\/gayajoyas.com\/es_es\/wp-json\/wp\/v2\/media\/1769"}],"wp:attachment":[{"href":"https:\/\/gayajoyas.com\/es_es\/wp-json\/wp\/v2\/media?parent=1754"}],"wp:term":[{"taxonomy":"product_cat","embeddable":true,"href":"https:\/\/gayajoyas.com\/es_es\/wp-json\/wp\/v2\/product_cat?post=1754"},{"taxonomy":"product_tag","embeddable":true,"href":"https:\/\/gayajoyas.com\/es_es\/wp-json\/wp\/v2\/product_tag?post=1754"}],"curies":[{"name":"wp","href":"https:\/\/api.w.org\/{rel}","templated":true}]}}