{"id":1759,"date":"2023-06-30T04:07:27","date_gmt":"2023-06-30T04:07:27","guid":{"rendered":"https:\/\/gayajoyas.com\/?post_type=product&#038;p=1759"},"modified":"2025-05-07T00:40:10","modified_gmt":"2025-05-07T00:40:10","slug":"collar-escultura-de-calcedonia","status":"publish","type":"product","link":"https:\/\/gayajoyas.com\/es_es\/product\/collar-escultura-de-calcedonia\/","title":{"rendered":"Collar Escultura de Calcedonia"},"content":{"rendered":"<p>Collar de oro amarillo 18k con escultura de Calcedonia, Kunzita y Diamantes.<\/p>\n<p>Las piedras de la colecci\u00f3n Gem Sculpture son talladas a mano por la t\u00e9cnica de gl\u00edptica, que consiste en el arte milenario de grabar sobre piedras preciosas.<\/p>\n<p>Cada gema es una verdadera obra de arte.<\/p>\n<p>&nbsp;<\/p>\n<p><em>El env\u00edo de las piezas en la ciudad de Lima no tiene costo.<\/em><\/p>\n<p><em>A provincias y otros pa\u00edses los costos ser\u00e1n calculados de manera particular.<\/em><\/p>\n","protected":false},"excerpt":{"rendered":"<p>Collar de oro amarillo 18k con escultura de Calcedonia, Kunzita y Diamantes.<\/p>\n<p>Las piedras de la colecci\u00f3n Gem Sculpture son talladas a mano por la t\u00e9cnica de gl\u00edptica, que consiste en el arte milenario de grabar sobre piedras preciosas.<\/p>\n<p>Cada gema es una verdadera obra de arte.<\/p>\n<p>&nbsp;<\/p>\n<p><em>El env\u00edo de las piezas en la ciudad de Lima no tiene costo.<\/em><\/p>\n<p><em>A provincias y otros pa\u00edses los costos ser\u00e1n calculados de manera particular.<\/em><\/p>\n","protected":false},"featured_media":1767,"comment_status":"open","ping_status":"closed","template":"","meta":{"_joinchat":[]},"product_cat":[26],"product_tag":[30],"class_list":["post-1759","product","type-product","status-publish","has-post-thumbnail","hentry","product_cat-collar","product_tag-coleccion-gem-sculpture"],"_links":{"self":[{"href":"https:\/\/gayajoyas.com\/es_es\/wp-json\/wp\/v2\/product\/1759","targetHints":{"allow":["GET"]}}],"collection":[{"href":"https:\/\/gayajoyas.com\/es_es\/wp-json\/wp\/v2\/product"}],"about":[{"href":"https:\/\/gayajoyas.com\/es_es\/wp-json\/wp\/v2\/types\/product"}],"replies":[{"embeddable":true,"href":"https:\/\/gayajoyas.com\/es_es\/wp-json\/wp\/v2\/comments?post=1759"}],"wp:featuredmedia":[{"embeddable":true,"href":"https:\/\/gayajoyas.com\/es_es\/wp-json\/wp\/v2\/media\/1767"}],"wp:attachment":[{"href":"https:\/\/gayajoyas.com\/es_es\/wp-json\/wp\/v2\/media?parent=1759"}],"wp:term":[{"taxonomy":"product_cat","embeddable":true,"href":"https:\/\/gayajoyas.com\/es_es\/wp-json\/wp\/v2\/product_cat?post=1759"},{"taxonomy":"product_tag","embeddable":true,"href":"https:\/\/gayajoyas.com\/es_es\/wp-json\/wp\/v2\/product_tag?post=1759"}],"curies":[{"name":"wp","href":"https:\/\/api.w.org\/{rel}","templated":true}]}}