{"id":1764,"date":"2023-06-30T04:22:16","date_gmt":"2023-06-30T04:22:16","guid":{"rendered":"https:\/\/gayajoyas.com\/?post_type=product&#038;p=1764"},"modified":"2025-05-07T00:33:24","modified_gmt":"2025-05-07T00:33:24","slug":"aretes-escultura-de-amatista","status":"publish","type":"product","link":"https:\/\/gayajoyas.com\/es_es\/product\/aretes-escultura-de-amatista\/","title":{"rendered":"Aretes Escultura de Amatista"},"content":{"rendered":"<p>Aretes de oro amarillo 18k con escultura de Amatista, Cuarzo en Lapidaci\u00f3n Especial y Diamante.<\/p>\n<p>Las piedras de la colecci\u00f3n Gem Sculpture son talladas a mano por la t\u00e9cnica de gl\u00edptica, que consiste en el arte milenario de grabar sobre piedras preciosas.<\/p>\n<p>Cada gema es una verdadera obra de arte.<\/p>\n<p>&nbsp;<\/p>\n<p><em>El env\u00edo de las piezas en la ciudad de Lima no tiene costo.<\/em><\/p>\n<p><em>A provincias y otros pa\u00edses los costos ser\u00e1n calculados de manera particular.<\/em><\/p>\n","protected":false},"excerpt":{"rendered":"<p>Aretes de oro amarillo 18k con escultura de Amatista, Cuarzo en Lapidaci\u00f3n Especial y Diamante.<\/p>\n<p>Las piedras de la colecci\u00f3n Gem Sculpture son talladas a mano por la t\u00e9cnica de gl\u00edptica, que consiste en el arte milenario de grabar sobre piedras preciosas.<\/p>\n<p>Cada gema es una verdadera obra de arte.<\/p>\n<p>&nbsp;<\/p>\n<p><em>El env\u00edo de las piezas en la ciudad de Lima no tiene costo.<\/em><\/p>\n<p><em>A provincias y otros pa\u00edses los costos ser\u00e1n calculados de manera particular.<\/em><\/p>\n","protected":false},"featured_media":1766,"comment_status":"open","ping_status":"closed","template":"","meta":{"_joinchat":[]},"product_cat":[25],"product_tag":[30],"class_list":["post-1764","product","type-product","status-publish","has-post-thumbnail","hentry","product_cat-aretes","product_tag-coleccion-gem-sculpture"],"_links":{"self":[{"href":"https:\/\/gayajoyas.com\/es_es\/wp-json\/wp\/v2\/product\/1764","targetHints":{"allow":["GET"]}}],"collection":[{"href":"https:\/\/gayajoyas.com\/es_es\/wp-json\/wp\/v2\/product"}],"about":[{"href":"https:\/\/gayajoyas.com\/es_es\/wp-json\/wp\/v2\/types\/product"}],"replies":[{"embeddable":true,"href":"https:\/\/gayajoyas.com\/es_es\/wp-json\/wp\/v2\/comments?post=1764"}],"wp:featuredmedia":[{"embeddable":true,"href":"https:\/\/gayajoyas.com\/es_es\/wp-json\/wp\/v2\/media\/1766"}],"wp:attachment":[{"href":"https:\/\/gayajoyas.com\/es_es\/wp-json\/wp\/v2\/media?parent=1764"}],"wp:term":[{"taxonomy":"product_cat","embeddable":true,"href":"https:\/\/gayajoyas.com\/es_es\/wp-json\/wp\/v2\/product_cat?post=1764"},{"taxonomy":"product_tag","embeddable":true,"href":"https:\/\/gayajoyas.com\/es_es\/wp-json\/wp\/v2\/product_tag?post=1764"}],"curies":[{"name":"wp","href":"https:\/\/api.w.org\/{rel}","templated":true}]}}