{"id":2474,"date":"2023-09-07T21:26:29","date_gmt":"2023-09-07T21:26:29","guid":{"rendered":"https:\/\/gayajoyas.com\/?post_type=product&#038;p=2474"},"modified":"2026-02-07T20:10:14","modified_gmt":"2026-02-07T20:10:14","slug":"anillo-escultura-de-flor-y-hojas","status":"publish","type":"product","link":"https:\/\/gayajoyas.com\/es_es\/product\/anillo-escultura-de-flor-y-hojas\/","title":{"rendered":"Anillo Escultura de Flor y Hojas"},"content":{"rendered":"<p>Anillo de oro blanco 18k con \u00d3palo Azul.<\/p>\n<p>Las piedras de la colecci\u00f3n Gem Sculpture son talladas a mano por la t\u00e9cnica de gl\u00edptica, que consiste en el arte milenario de grabar sobre piedras preciosas.<\/p>\n<p>Cada gema es una verdadera obra de arte.<\/p>\n<p>&nbsp;<\/p>\n<p><em>El env\u00edo de las piezas en la ciudad de Lima no tiene costo.<\/em><\/p>\n<p><em>A provincias y otros pa\u00edses los costos ser\u00e1n calculados de manera particular.<\/em><\/p>\n","protected":false},"excerpt":{"rendered":"<p>Anillo de oro blanco 18k con \u00d3palo Azul.<\/p>\n<p>Las piedras de la colecci\u00f3n Gem Sculpture son talladas a mano por la t\u00e9cnica de gl\u00edptica, que consiste en el arte milenario de grabar sobre piedras preciosas.<\/p>\n<p>Cada gema es una verdadera obra de arte.<\/p>\n<p>&nbsp;<\/p>\n<p><em>El env\u00edo de las piezas en la ciudad de Lima no tiene costo.<\/em><\/p>\n<p><em>A provincias y otros pa\u00edses los costos ser\u00e1n calculados de manera particular.<\/em><\/p>\n","protected":false},"featured_media":2475,"comment_status":"open","ping_status":"closed","template":"","meta":{"_joinchat":[]},"product_cat":[23],"product_tag":[],"class_list":["post-2474","product","type-product","status-publish","has-post-thumbnail","hentry","product_cat-anillo"],"_links":{"self":[{"href":"https:\/\/gayajoyas.com\/es_es\/wp-json\/wp\/v2\/product\/2474","targetHints":{"allow":["GET"]}}],"collection":[{"href":"https:\/\/gayajoyas.com\/es_es\/wp-json\/wp\/v2\/product"}],"about":[{"href":"https:\/\/gayajoyas.com\/es_es\/wp-json\/wp\/v2\/types\/product"}],"replies":[{"embeddable":true,"href":"https:\/\/gayajoyas.com\/es_es\/wp-json\/wp\/v2\/comments?post=2474"}],"wp:featuredmedia":[{"embeddable":true,"href":"https:\/\/gayajoyas.com\/es_es\/wp-json\/wp\/v2\/media\/2475"}],"wp:attachment":[{"href":"https:\/\/gayajoyas.com\/es_es\/wp-json\/wp\/v2\/media?parent=2474"}],"wp:term":[{"taxonomy":"product_cat","embeddable":true,"href":"https:\/\/gayajoyas.com\/es_es\/wp-json\/wp\/v2\/product_cat?post=2474"},{"taxonomy":"product_tag","embeddable":true,"href":"https:\/\/gayajoyas.com\/es_es\/wp-json\/wp\/v2\/product_tag?post=2474"}],"curies":[{"name":"wp","href":"https:\/\/api.w.org\/{rel}","templated":true}]}}