{"id":2494,"date":"2023-09-07T21:56:58","date_gmt":"2023-09-07T21:56:58","guid":{"rendered":"https:\/\/gayajoyas.com\/?post_type=product&#038;p=2494"},"modified":"2026-02-09T14:21:44","modified_gmt":"2026-02-09T14:21:44","slug":"anillo-olas","status":"publish","type":"product","link":"https:\/\/gayajoyas.com\/es_es\/product\/anillo-olas\/","title":{"rendered":"Anillo Olas"},"content":{"rendered":"<p class=\"p1\">Anillo de oro amarillo 18k con Amazonita y Cuarzo.<\/p>\n<p><strong>Colecci\u00f3n Andina Olas<\/strong><\/p>\n<p>En nuestra colecci\u00f3n Andina, el Per\u00fa es nuestra inspiraci\u00f3n. Su historia, leyenda, gemas y tradiciones simbolizan el grandioso arte de una cultura milenaria.<\/p>\n<p>&nbsp;<\/p>\n<p><em>El env\u00edo de las piezas en la ciudad de Lima no tiene costo.<\/em><\/p>\n<p><em>A provincias y otros pa\u00edses los costos ser\u00e1n calculados de manera particular.<\/em><\/p>\n","protected":false},"excerpt":{"rendered":"<p class=\"p1\">Anillo de oro amarillo 18k con Amazonita y Cuarzo.<\/p>\n<p><strong>Colecci\u00f3n Andina Olas<\/strong><\/p>\n<p>En nuestra colecci\u00f3n Andina, el Per\u00fa es nuestra inspiraci\u00f3n. Su historia, leyenda, gemas y tradiciones simbolizan el grandioso arte de una cultura milenaria.<\/p>\n<p>&nbsp;<\/p>\n<p><em>El env\u00edo de las piezas en la ciudad de Lima no tiene costo.<\/em><\/p>\n<p><em>A provincias y otros pa\u00edses los costos ser\u00e1n calculados de manera particular.<\/em><\/p>\n","protected":false},"featured_media":2495,"comment_status":"open","ping_status":"closed","template":"","meta":{"_joinchat":[]},"product_cat":[23],"product_tag":[],"class_list":["post-2494","product","type-product","status-publish","has-post-thumbnail","hentry","product_cat-anillo"],"_links":{"self":[{"href":"https:\/\/gayajoyas.com\/es_es\/wp-json\/wp\/v2\/product\/2494","targetHints":{"allow":["GET"]}}],"collection":[{"href":"https:\/\/gayajoyas.com\/es_es\/wp-json\/wp\/v2\/product"}],"about":[{"href":"https:\/\/gayajoyas.com\/es_es\/wp-json\/wp\/v2\/types\/product"}],"replies":[{"embeddable":true,"href":"https:\/\/gayajoyas.com\/es_es\/wp-json\/wp\/v2\/comments?post=2494"}],"wp:featuredmedia":[{"embeddable":true,"href":"https:\/\/gayajoyas.com\/es_es\/wp-json\/wp\/v2\/media\/2495"}],"wp:attachment":[{"href":"https:\/\/gayajoyas.com\/es_es\/wp-json\/wp\/v2\/media?parent=2494"}],"wp:term":[{"taxonomy":"product_cat","embeddable":true,"href":"https:\/\/gayajoyas.com\/es_es\/wp-json\/wp\/v2\/product_cat?post=2494"},{"taxonomy":"product_tag","embeddable":true,"href":"https:\/\/gayajoyas.com\/es_es\/wp-json\/wp\/v2\/product_tag?post=2494"}],"curies":[{"name":"wp","href":"https:\/\/api.w.org\/{rel}","templated":true}]}}