{"id":2505,"date":"2023-09-07T22:57:46","date_gmt":"2023-09-07T22:57:46","guid":{"rendered":"https:\/\/gayajoyas.com\/?post_type=product&#038;p=2505"},"modified":"2026-02-20T18:05:30","modified_gmt":"2026-02-20T18:05:30","slug":"collar-qhapac-nan-mediano","status":"publish","type":"product","link":"https:\/\/gayajoyas.com\/es_es\/product\/collar-qhapac-nan-mediano\/","title":{"rendered":"Collar Qhapac \u00d1an II"},"content":{"rendered":"<p>Collar de oro amarillo 18k con \u00d3palos Rosados.<\/p>\n<p><strong>Colecci\u00f3n Andina Qhapac \u00d1an<\/strong><\/p>\n<p>En nuestra colecci\u00f3n Andina, el Per\u00fa es nuestra inspiraci\u00f3n. Su historia, leyenda, gemas y tradiciones simbolizan el grandioso arte de una cultura milenaria.<\/p>\n<p>Qhapac \u00d1an &#8211; Camino Principal<\/p>\n<p>El Qhapac \u00d1an, o Camino Principal Andino declarado por la UNESCO como Patrimonio Mundial de la Humanidad, eran los caminos de piedra hecho por los Incas para unir y conectar todo el Antiguo Imperio Incaico.<\/p>\n<p>Su trazado est\u00e1 lleno de historia, magia y tradiciones ancestrales.<\/p>\n<p>&nbsp;<\/p>\n<p><em>El env\u00edo de las piezas en la ciudad de Lima no tiene costo.<\/em><\/p>\n<p><em>A provincias y otros pa\u00edses los costos ser\u00e1n calculados de manera particular.<\/em><\/p>\n","protected":false},"excerpt":{"rendered":"<p>Collar de oro amarillo 18k con \u00d3palos Rosados.<\/p>\n<p><strong>Colecci\u00f3n Andina Qhapac \u00d1an<\/strong><\/p>\n<p>En nuestra colecci\u00f3n Andina, el Per\u00fa es nuestra inspiraci\u00f3n. Su historia, leyenda, gemas y tradiciones simbolizan el grandioso arte de una cultura milenaria.<\/p>\n<p>Qhapac \u00d1an &#8211; Camino Principal<\/p>\n<p>El Qhapac \u00d1an, o Camino Principal Andino declarado por la UNESCO como Patrimonio Mundial de la Humanidad, eran los caminos de piedra hecho por los Incas para unir y conectar todo el Antiguo Imperio Incaico.<\/p>\n<p>Su trazado est\u00e1 lleno de historia, magia y tradiciones ancestrales.<\/p>\n<p>&nbsp;<\/p>\n<p><em>El env\u00edo de las piezas en la ciudad de Lima no tiene costo.<\/em><\/p>\n<p><em>A provincias y otros pa\u00edses los costos ser\u00e1n calculados de manera particular.<\/em><\/p>\n","protected":false},"featured_media":2506,"comment_status":"open","ping_status":"closed","template":"","meta":{"_joinchat":[]},"product_cat":[26],"product_tag":[24],"class_list":["post-2505","product","type-product","status-publish","has-post-thumbnail","hentry","product_cat-collar","product_tag-coleccion-tramado"],"_links":{"self":[{"href":"https:\/\/gayajoyas.com\/es_es\/wp-json\/wp\/v2\/product\/2505","targetHints":{"allow":["GET"]}}],"collection":[{"href":"https:\/\/gayajoyas.com\/es_es\/wp-json\/wp\/v2\/product"}],"about":[{"href":"https:\/\/gayajoyas.com\/es_es\/wp-json\/wp\/v2\/types\/product"}],"replies":[{"embeddable":true,"href":"https:\/\/gayajoyas.com\/es_es\/wp-json\/wp\/v2\/comments?post=2505"}],"wp:featuredmedia":[{"embeddable":true,"href":"https:\/\/gayajoyas.com\/es_es\/wp-json\/wp\/v2\/media\/2506"}],"wp:attachment":[{"href":"https:\/\/gayajoyas.com\/es_es\/wp-json\/wp\/v2\/media?parent=2505"}],"wp:term":[{"taxonomy":"product_cat","embeddable":true,"href":"https:\/\/gayajoyas.com\/es_es\/wp-json\/wp\/v2\/product_cat?post=2505"},{"taxonomy":"product_tag","embeddable":true,"href":"https:\/\/gayajoyas.com\/es_es\/wp-json\/wp\/v2\/product_tag?post=2505"}],"curies":[{"name":"wp","href":"https:\/\/api.w.org\/{rel}","templated":true}]}}