{"id":2516,"date":"2023-09-08T21:32:48","date_gmt":"2023-09-08T21:32:48","guid":{"rendered":"https:\/\/gayajoyas.com\/?post_type=product&#038;p=2516"},"modified":"2026-04-25T17:02:25","modified_gmt":"2026-04-25T17:02:25","slug":"collar-titilar","status":"publish","type":"product","link":"https:\/\/gayajoyas.com\/es_es\/product\/collar-titilar\/","title":{"rendered":"Collar Titilar"},"content":{"rendered":"<p>Collar de oro blanco 18k con Diamantes.<\/p>\n<p>Nuestra colecci\u00f3n Tramado est\u00e1 inspirada en los maravillosos trabajos textiles del Antiguo Per\u00fa. La textiler\u00eda precolombina, cuya alta calidad y t\u00e9cnicas se han preservado en el tiempo, nos ha permitido conocer la relaci\u00f3n del hombre con su entorno, su sociedad y cosmovisi\u00f3n.<\/p>\n<p>&nbsp;<\/p>\n<p><em>El env\u00edo de las piezas en la ciudad de Lima no tiene costo.<\/em><\/p>\n<p><em>A provincias y otros pa\u00edses los costos ser\u00e1n calculados de manera particular.<\/em><\/p>\n","protected":false},"excerpt":{"rendered":"<p>Collar de oro blanco 18k con Diamantes.<\/p>\n<p>Nuestra colecci\u00f3n Tramado est\u00e1 inspirada en los maravillosos trabajos textiles del Antiguo Per\u00fa. La textiler\u00eda precolombina, cuya alta calidad y t\u00e9cnicas se han preservado en el tiempo, nos ha permitido conocer la relaci\u00f3n del hombre con su entorno, su sociedad y cosmovisi\u00f3n.<\/p>\n<p>&nbsp;<\/p>\n<p><em>El env\u00edo de las piezas en la ciudad de Lima no tiene costo.<\/em><\/p>\n<p><em>A provincias y otros pa\u00edses los costos ser\u00e1n calculados de manera particular.<\/em><\/p>\n","protected":false},"featured_media":2517,"comment_status":"open","ping_status":"closed","template":"","meta":{"_joinchat":[]},"product_cat":[26,40],"product_tag":[24],"class_list":["post-2516","product","type-product","status-publish","has-post-thumbnail","hentry","product_cat-collar","product_cat-tramado","product_tag-coleccion-tramado"],"_links":{"self":[{"href":"https:\/\/gayajoyas.com\/es_es\/wp-json\/wp\/v2\/product\/2516","targetHints":{"allow":["GET"]}}],"collection":[{"href":"https:\/\/gayajoyas.com\/es_es\/wp-json\/wp\/v2\/product"}],"about":[{"href":"https:\/\/gayajoyas.com\/es_es\/wp-json\/wp\/v2\/types\/product"}],"replies":[{"embeddable":true,"href":"https:\/\/gayajoyas.com\/es_es\/wp-json\/wp\/v2\/comments?post=2516"}],"wp:featuredmedia":[{"embeddable":true,"href":"https:\/\/gayajoyas.com\/es_es\/wp-json\/wp\/v2\/media\/2517"}],"wp:attachment":[{"href":"https:\/\/gayajoyas.com\/es_es\/wp-json\/wp\/v2\/media?parent=2516"}],"wp:term":[{"taxonomy":"product_cat","embeddable":true,"href":"https:\/\/gayajoyas.com\/es_es\/wp-json\/wp\/v2\/product_cat?post=2516"},{"taxonomy":"product_tag","embeddable":true,"href":"https:\/\/gayajoyas.com\/es_es\/wp-json\/wp\/v2\/product_tag?post=2516"}],"curies":[{"name":"wp","href":"https:\/\/api.w.org\/{rel}","templated":true}]}}