{"id":2542,"date":"2023-09-08T22:46:02","date_gmt":"2023-09-08T22:46:02","guid":{"rendered":"https:\/\/gayajoyas.com\/?post_type=product&#038;p=2542"},"modified":"2025-05-06T22:27:23","modified_gmt":"2025-05-06T22:27:23","slug":"aretes-paisaje","status":"publish","type":"product","link":"https:\/\/gayajoyas.com\/es_es\/product\/aretes-paisaje\/","title":{"rendered":"Aretes Paisaje"},"content":{"rendered":"<p class=\"p1\">Aretes de oro blanco 18k con \u00d3palo, Aguamarina y Diamantes.<\/p>\n<p><strong>Colecci\u00f3n Andina Paisaje<\/strong><\/p>\n<p>En nuestra colecci\u00f3n Andina, el Per\u00fa es nuestra inspiraci\u00f3n. Su historia, leyenda, gemas y tradiciones simbolizan el grandioso arte de una cultura milenaria.<\/p>\n<p>&nbsp;<\/p>\n<p><em>El env\u00edo de las piezas en la ciudad de Lima no tiene costo.<\/em><\/p>\n<p><em>A provincias y otros pa\u00edses los costos ser\u00e1n calculados de manera particular.<\/em><\/p>\n","protected":false},"excerpt":{"rendered":"<p class=\"p1\">Aretes de oro blanco 18k con \u00d3palo, Aguamarina y Diamantes.<\/p>\n<p><strong>Colecci\u00f3n Andina Paisaje<\/strong><\/p>\n<p>En nuestra colecci\u00f3n Andina, el Per\u00fa es nuestra inspiraci\u00f3n. Su historia, leyenda, gemas y tradiciones simbolizan el grandioso arte de una cultura milenaria.<\/p>\n<p>&nbsp;<\/p>\n<p><em>El env\u00edo de las piezas en la ciudad de Lima no tiene costo.<\/em><\/p>\n<p><em>A provincias y otros pa\u00edses los costos ser\u00e1n calculados de manera particular.<\/em><\/p>\n","protected":false},"featured_media":2543,"comment_status":"open","ping_status":"closed","template":"","meta":{"_joinchat":[]},"product_cat":[25,39],"product_tag":[],"class_list":["post-2542","product","type-product","status-publish","has-post-thumbnail","hentry","product_cat-aretes","product_cat-madre-tierra"],"_links":{"self":[{"href":"https:\/\/gayajoyas.com\/es_es\/wp-json\/wp\/v2\/product\/2542","targetHints":{"allow":["GET"]}}],"collection":[{"href":"https:\/\/gayajoyas.com\/es_es\/wp-json\/wp\/v2\/product"}],"about":[{"href":"https:\/\/gayajoyas.com\/es_es\/wp-json\/wp\/v2\/types\/product"}],"replies":[{"embeddable":true,"href":"https:\/\/gayajoyas.com\/es_es\/wp-json\/wp\/v2\/comments?post=2542"}],"wp:featuredmedia":[{"embeddable":true,"href":"https:\/\/gayajoyas.com\/es_es\/wp-json\/wp\/v2\/media\/2543"}],"wp:attachment":[{"href":"https:\/\/gayajoyas.com\/es_es\/wp-json\/wp\/v2\/media?parent=2542"}],"wp:term":[{"taxonomy":"product_cat","embeddable":true,"href":"https:\/\/gayajoyas.com\/es_es\/wp-json\/wp\/v2\/product_cat?post=2542"},{"taxonomy":"product_tag","embeddable":true,"href":"https:\/\/gayajoyas.com\/es_es\/wp-json\/wp\/v2\/product_tag?post=2542"}],"curies":[{"name":"wp","href":"https:\/\/api.w.org\/{rel}","templated":true}]}}