{"id":2544,"date":"2023-09-08T22:48:13","date_gmt":"2023-09-08T22:48:13","guid":{"rendered":"https:\/\/gayajoyas.com\/?post_type=product&#038;p=2544"},"modified":"2026-02-14T19:50:58","modified_gmt":"2026-02-14T19:50:58","slug":"arete-esfera","status":"publish","type":"product","link":"https:\/\/gayajoyas.com\/es_es\/product\/arete-esfera\/","title":{"rendered":"Aretes Esfera"},"content":{"rendered":"<p class=\"p1\">Aretes de oro amarillo 18k.<\/p>\n<p>Nuestra colecci\u00f3n Tramado est\u00e1 inspirada en los maravillosos trabajos textiles del Antiguo Per\u00fa. La textiler\u00eda precolombina, cuya alta calidad y t\u00e9cnicas se han preservado en el tiempo, nos ha permitido conocer la relaci\u00f3n del hombre con su entorno, su sociedad y cosmovisi\u00f3n.<\/p>\n<p>&nbsp;<\/p>\n<p><em>El env\u00edo de las piezas en la ciudad de Lima no tiene costo.<\/em><\/p>\n<p><em>A provincias y otros pa\u00edses los costos ser\u00e1n calculados de manera particular.<\/em><\/p>\n","protected":false},"excerpt":{"rendered":"<p class=\"p1\">Aretes de oro amarillo 18k.<\/p>\n<p>Nuestra colecci\u00f3n Tramado est\u00e1 inspirada en los maravillosos trabajos textiles del Antiguo Per\u00fa. La textiler\u00eda precolombina, cuya alta calidad y t\u00e9cnicas se han preservado en el tiempo, nos ha permitido conocer la relaci\u00f3n del hombre con su entorno, su sociedad y cosmovisi\u00f3n.<\/p>\n<p>&nbsp;<\/p>\n<p><em>El env\u00edo de las piezas en la ciudad de Lima no tiene costo.<\/em><\/p>\n<p><em>A provincias y otros pa\u00edses los costos ser\u00e1n calculados de manera particular.<\/em><\/p>\n","protected":false},"featured_media":2545,"comment_status":"open","ping_status":"closed","template":"","meta":{"_joinchat":[]},"product_cat":[25,40],"product_tag":[],"class_list":["post-2544","product","type-product","status-publish","has-post-thumbnail","hentry","product_cat-aretes","product_cat-tramado"],"_links":{"self":[{"href":"https:\/\/gayajoyas.com\/es_es\/wp-json\/wp\/v2\/product\/2544","targetHints":{"allow":["GET"]}}],"collection":[{"href":"https:\/\/gayajoyas.com\/es_es\/wp-json\/wp\/v2\/product"}],"about":[{"href":"https:\/\/gayajoyas.com\/es_es\/wp-json\/wp\/v2\/types\/product"}],"replies":[{"embeddable":true,"href":"https:\/\/gayajoyas.com\/es_es\/wp-json\/wp\/v2\/comments?post=2544"}],"wp:featuredmedia":[{"embeddable":true,"href":"https:\/\/gayajoyas.com\/es_es\/wp-json\/wp\/v2\/media\/2545"}],"wp:attachment":[{"href":"https:\/\/gayajoyas.com\/es_es\/wp-json\/wp\/v2\/media?parent=2544"}],"wp:term":[{"taxonomy":"product_cat","embeddable":true,"href":"https:\/\/gayajoyas.com\/es_es\/wp-json\/wp\/v2\/product_cat?post=2544"},{"taxonomy":"product_tag","embeddable":true,"href":"https:\/\/gayajoyas.com\/es_es\/wp-json\/wp\/v2\/product_tag?post=2544"}],"curies":[{"name":"wp","href":"https:\/\/api.w.org\/{rel}","templated":true}]}}