{"id":858,"date":"2023-06-21T00:21:44","date_gmt":"2023-06-21T00:21:44","guid":{"rendered":"https:\/\/gayajoyas.com\/?post_type=product&#038;p=858"},"modified":"2026-04-21T19:50:42","modified_gmt":"2026-04-21T19:50:42","slug":"aretes-pachamama","status":"publish","type":"product","link":"https:\/\/gayajoyas.com\/es_es\/product\/aretes-pachamama\/","title":{"rendered":"Aretes Pachamama"},"content":{"rendered":"<p>Aretes de oro amarillo 18k.<\/p>\n<p><strong>Colecci\u00f3n Andina Pachamama<\/strong><\/p>\n<p>En nuestra colecci\u00f3n Andina, el Per\u00fa es nuestra inspiraci\u00f3n. Su historia, leyenda, gemas y tradiciones simbolizan el grandioso arte de una cultura milenaria.<\/p>\n<div>\n<p>La espiral, que es el s\u00edmbolo m\u00e1s antiguo conocido por ser utilizado en las pr\u00e1cticas espirituales, refleja el patr\u00f3n universal de crecimiento y evoluci\u00f3n. La espiral representa a la diosa, el vientre, la fertilidad y la energ\u00eda de fuerza vital.<\/p>\n<\/div>\n<p>&nbsp;<\/p>\n<p><em>El env\u00edo de las piezas en la ciudad de Lima no tiene costo.<\/em><\/p>\n<p><em>A provincias y otros pa\u00edses los costos ser\u00e1n calculados de manera particular.<\/em><\/p>\n","protected":false},"excerpt":{"rendered":"<p>Aretes de oro amarillo 18k.<\/p>\n<p><strong>Colecci\u00f3n Andina Pachamama<\/strong><\/p>\n<p>En nuestra colecci\u00f3n Andina, el Per\u00fa es nuestra inspiraci\u00f3n. Su historia, leyenda, gemas y tradiciones simbolizan el grandioso arte de una cultura milenaria.<\/p>\n<div>\n<p>La espiral, que es el s\u00edmbolo m\u00e1s antiguo conocido por ser utilizado en las pr\u00e1cticas espirituales, refleja el patr\u00f3n universal de crecimiento y evoluci\u00f3n. La espiral representa a la diosa, el vientre, la fertilidad y la energ\u00eda de fuerza vital.<\/p>\n<\/div>\n<p>&nbsp;<\/p>\n<p><em>El env\u00edo de las piezas en la ciudad de Lima no tiene costo.<\/em><\/p>\n<p><em>A provincias y otros pa\u00edses los costos ser\u00e1n calculados de manera particular.<\/em><\/p>\n","protected":false},"featured_media":859,"comment_status":"open","ping_status":"closed","template":"","meta":{"_joinchat":[]},"product_cat":[25],"product_tag":[34],"class_list":["post-858","product","type-product","status-publish","has-post-thumbnail","hentry","product_cat-aretes","product_tag-coleccion-andina"],"_links":{"self":[{"href":"https:\/\/gayajoyas.com\/es_es\/wp-json\/wp\/v2\/product\/858","targetHints":{"allow":["GET"]}}],"collection":[{"href":"https:\/\/gayajoyas.com\/es_es\/wp-json\/wp\/v2\/product"}],"about":[{"href":"https:\/\/gayajoyas.com\/es_es\/wp-json\/wp\/v2\/types\/product"}],"replies":[{"embeddable":true,"href":"https:\/\/gayajoyas.com\/es_es\/wp-json\/wp\/v2\/comments?post=858"}],"wp:featuredmedia":[{"embeddable":true,"href":"https:\/\/gayajoyas.com\/es_es\/wp-json\/wp\/v2\/media\/859"}],"wp:attachment":[{"href":"https:\/\/gayajoyas.com\/es_es\/wp-json\/wp\/v2\/media?parent=858"}],"wp:term":[{"taxonomy":"product_cat","embeddable":true,"href":"https:\/\/gayajoyas.com\/es_es\/wp-json\/wp\/v2\/product_cat?post=858"},{"taxonomy":"product_tag","embeddable":true,"href":"https:\/\/gayajoyas.com\/es_es\/wp-json\/wp\/v2\/product_tag?post=858"}],"curies":[{"name":"wp","href":"https:\/\/api.w.org\/{rel}","templated":true}]}}