{"id":871,"date":"2023-06-21T01:34:24","date_gmt":"2023-06-21T01:34:24","guid":{"rendered":"https:\/\/gayajoyas.com\/?post_type=product&#038;p=871"},"modified":"2024-07-22T22:18:11","modified_gmt":"2024-07-22T22:18:11","slug":"anillo-cuartzo-lapidacion-especial-pequeno","status":"publish","type":"product","link":"https:\/\/gayajoyas.com\/es_es\/product\/anillo-cuartzo-lapidacion-especial-pequeno\/","title":{"rendered":"Anillo con Cuarzo de Lapidaci\u00f3n Especial Peque\u00f1o"},"content":{"rendered":"<p>Anillo de oro amarillo 18K con Cuarzo de Lapidaci\u00f3n Especial Peque\u00f1o.<\/p>\n<p>Gaya Joyas es nuestro homenaje y respeto a la Madre Tierra, generadora de vida y belleza.<\/p>\n<p>Nuestra misi\u00f3n es transformar lo que nos ofrece la Madre Tierra, en las m\u00e1s preciosas y exclusivas joyas.<\/p>\n<p>&nbsp;<\/p>\n<p><em>El env\u00edo de las piezas en la ciudad de Lima no tiene costo.<\/em><\/p>\n<p><em>A provincias y otros pa\u00edses los costos ser\u00e1n calculados de manera particular.<\/em><\/p>\n","protected":false},"excerpt":{"rendered":"<p>Anillo de oro amarillo 18K con Cuarzo de Lapidaci\u00f3n Especial Peque\u00f1o.<\/p>\n<p>Gaya Joyas es nuestro homenaje y respeto a la Madre Tierra, generadora de vida y belleza.<\/p>\n<p>Nuestra misi\u00f3n es transformar lo que nos ofrece la Madre Tierra, en las m\u00e1s preciosas y exclusivas joyas.<\/p>\n<p>&nbsp;<\/p>\n<p><em>El env\u00edo de las piezas en la ciudad de Lima no tiene costo.<\/em><\/p>\n<p><em>A provincias y otros pa\u00edses los costos ser\u00e1n calculados de manera particular.<\/em><\/p>\n","protected":false},"featured_media":874,"comment_status":"open","ping_status":"closed","template":"","meta":{"_joinchat":[]},"product_cat":[23],"product_tag":[27],"class_list":["post-871","product","type-product","status-publish","has-post-thumbnail","hentry","product_cat-anillo","product_tag-coleccion-madre-tierra"],"_links":{"self":[{"href":"https:\/\/gayajoyas.com\/es_es\/wp-json\/wp\/v2\/product\/871","targetHints":{"allow":["GET"]}}],"collection":[{"href":"https:\/\/gayajoyas.com\/es_es\/wp-json\/wp\/v2\/product"}],"about":[{"href":"https:\/\/gayajoyas.com\/es_es\/wp-json\/wp\/v2\/types\/product"}],"replies":[{"embeddable":true,"href":"https:\/\/gayajoyas.com\/es_es\/wp-json\/wp\/v2\/comments?post=871"}],"wp:featuredmedia":[{"embeddable":true,"href":"https:\/\/gayajoyas.com\/es_es\/wp-json\/wp\/v2\/media\/874"}],"wp:attachment":[{"href":"https:\/\/gayajoyas.com\/es_es\/wp-json\/wp\/v2\/media?parent=871"}],"wp:term":[{"taxonomy":"product_cat","embeddable":true,"href":"https:\/\/gayajoyas.com\/es_es\/wp-json\/wp\/v2\/product_cat?post=871"},{"taxonomy":"product_tag","embeddable":true,"href":"https:\/\/gayajoyas.com\/es_es\/wp-json\/wp\/v2\/product_tag?post=871"}],"curies":[{"name":"wp","href":"https:\/\/api.w.org\/{rel}","templated":true}]}}